{"id":16978,"date":"2024-10-18T08:59:05","date_gmt":"2024-10-18T05:59:05","guid":{"rendered":"https:\/\/www.kalustehannula.fi\/?post_type=product&#038;p=16978"},"modified":"2026-03-09T14:18:59","modified_gmt":"2026-03-09T12:18:59","slug":"niitty-ruokapoyta-120-x-75cm","status":"publish","type":"product","link":"https:\/\/www.kalustehannula.fi\/en\/tuote\/niitty-ruokapoyta-120-x-75cm\/","title":{"rendered":"Niitty ruokap\u00f6yt\u00e4 120 x 75cm"},"content":{"rendered":"<p>Konstailematon, massiivikoivuinen ruokap\u00f6yt\u00e4 nelj\u00e4lle hengelle. Valittavana kaksi eri v\u00e4rivaihtoehtoa; harmaa\/valkoinen ja p\u00e4hkin\u00e4\/valkoinen. Jalat ja sokkeli maalattua koivua, kansi petsattua koivua. Toimitetaan osina.<\/p>\n","protected":false},"excerpt":{"rendered":"<p>Massiivikoivuinen ruokap\u00f6yt\u00e4 4 hengelle.<\/p>\n","protected":false},"featured_media":17539,"template":"","meta":[],"product_brand":[],"product_cat":[410],"product_tag":[],"class_list":{"0":"post-16978","1":"product","2":"type-product","3":"status-publish","4":"has-post-thumbnail","6":"product_cat-ruokapoydat","8":"first","9":"instock","10":"taxable","11":"shipping-taxable","12":"purchasable","13":"product-type-simple"},"_links":{"self":[{"href":"https:\/\/www.kalustehannula.fi\/en\/wp-json\/wp\/v2\/product\/16978","targetHints":{"allow":["GET"]}}],"collection":[{"href":"https:\/\/www.kalustehannula.fi\/en\/wp-json\/wp\/v2\/product"}],"about":[{"href":"https:\/\/www.kalustehannula.fi\/en\/wp-json\/wp\/v2\/types\/product"}],"version-history":[{"count":3,"href":"https:\/\/www.kalustehannula.fi\/en\/wp-json\/wp\/v2\/product\/16978\/revisions"}],"predecessor-version":[{"id":17115,"href":"https:\/\/www.kalustehannula.fi\/en\/wp-json\/wp\/v2\/product\/16978\/revisions\/17115"}],"wp:featuredmedia":[{"embeddable":true,"href":"https:\/\/www.kalustehannula.fi\/en\/wp-json\/wp\/v2\/media\/17539"}],"wp:attachment":[{"href":"https:\/\/www.kalustehannula.fi\/en\/wp-json\/wp\/v2\/media?parent=16978"}],"wp:term":[{"taxonomy":"product_brand","embeddable":true,"href":"https:\/\/www.kalustehannula.fi\/en\/wp-json\/wp\/v2\/product_brand?post=16978"},{"taxonomy":"product_cat","embeddable":true,"href":"https:\/\/www.kalustehannula.fi\/en\/wp-json\/wp\/v2\/product_cat?post=16978"},{"taxonomy":"product_tag","embeddable":true,"href":"https:\/\/www.kalustehannula.fi\/en\/wp-json\/wp\/v2\/product_tag?post=16978"}],"curies":[{"name":"wp","href":"https:\/\/api.w.org\/{rel}","templated":true}]}}